{"id":823,"date":"2023-06-25T05:45:26","date_gmt":"2023-06-25T05:45:26","guid":{"rendered":"https:\/\/csagroup.africa\/?page_id=823"},"modified":"2023-06-25T06:53:40","modified_gmt":"2023-06-25T06:53:40","slug":"csa-logistique","status":"publish","type":"page","link":"https:\/\/csagroup.africa\/?page_id=823","title":{"rendered":"CSA LOGISTIQUE"},"content":{"rendered":"\t\t<div data-elementor-type=\"wp-page\" data-elementor-id=\"823\" class=\"elementor elementor-823\">\n\t\t\t\t\t\t\t\t\t<section class=\"elementor-section elementor-top-section elementor-element elementor-element-65e931a elementor-section-boxed elementor-section-height-default elementor-section-height-default\" data-id=\"65e931a\" data-element_type=\"section\">\n\t\t\t\t\t\t<div class=\"elementor-container elementor-column-gap-default\">\n\t\t\t\t\t<div class=\"elementor-column elementor-col-100 elementor-top-column elementor-element elementor-element-9d0df45\" data-id=\"9d0df45\" data-element_type=\"column\">\n\t\t\t<div class=\"elementor-widget-wrap elementor-element-populated\">\n\t\t\t\t\t\t\t\t<div class=\"elementor-element elementor-element-c41f788 elementor-widget elementor-widget-text-editor\" data-id=\"c41f788\" data-element_type=\"widget\" data-widget_type=\"text-editor.default\">\n\t\t\t\t<div class=\"elementor-widget-container\">\n\t\t\t<style>\/*! elementor - v3.12.1 - 02-04-2023 *\/\n.elementor-widget-text-editor.elementor-drop-cap-view-stacked .elementor-drop-cap{background-color:#69727d;color:#fff}.elementor-widget-text-editor.elementor-drop-cap-view-framed .elementor-drop-cap{color:#69727d;border:3px solid;background-color:transparent}.elementor-widget-text-editor:not(.elementor-drop-cap-view-default) .elementor-drop-cap{margin-top:8px}.elementor-widget-text-editor:not(.elementor-drop-cap-view-default) .elementor-drop-cap-letter{width:1em;height:1em}.elementor-widget-text-editor .elementor-drop-cap{float:left;text-align:center;line-height:1;font-size:50px}.elementor-widget-text-editor .elementor-drop-cap-letter{display:inline-block}<\/style>\t\t\t\t<p>Nous proposons un service de transport de produits vivriers rapide et fiable. Que vous ayez besoin de livrer des fruits et l\u00e9gumes frais, des produits laitiers, de la viande, des c\u00e9r\u00e9ales ou tout autre produit agricole, nous sommes l\u00e0 pour vous aider. Notre \u00e9quipe de professionnels exp\u00e9riment\u00e9s assure la manipulation et le transport s\u00e9curis\u00e9s de vos produits, en veillant \u00e0 maintenir leur fraicheur et leur qualit\u00e9 tout au long du trajet. Nous disposons d&rsquo;un v\u00e9hicule adapt\u00e9 et respectueux de l&rsquo;environement, ainsi que d&rsquo;un r\u00e9seau logistique bien \u00e9tabli pour repondre \u00e0 vos besoins de transport \u00e0 l&rsquo; \u00e9chelle nationale ou internationale. Faites-nous confiance pour un service de transport efficace et ponctuel pour vos produits vivriers.<\/p>\t\t\t\t\t\t<\/div>\n\t\t\t\t<\/div>\n\t\t\t\t\t<\/div>\n\t\t<\/div>\n\t\t\t\t\t\t\t<\/div>\n\t\t<\/section>\n\t\t\t\t<section class=\"elementor-section elementor-top-section elementor-element elementor-element-d78a4e8 elementor-section-boxed elementor-section-height-default elementor-section-height-default\" data-id=\"d78a4e8\" data-element_type=\"section\">\n\t\t\t\t\t\t<div class=\"elementor-container elementor-column-gap-default\">\n\t\t\t\t\t<div class=\"elementor-column elementor-col-100 elementor-top-column elementor-element elementor-element-f325b81\" data-id=\"f325b81\" data-element_type=\"column\">\n\t\t\t<div class=\"elementor-widget-wrap elementor-element-populated\">\n\t\t\t\t\t\t\t\t<div class=\"elementor-element elementor-element-ad9d04c elementor-widget elementor-widget-image\" data-id=\"ad9d04c\" data-element_type=\"widget\" data-widget_type=\"image.default\">\n\t\t\t\t<div class=\"elementor-widget-container\">\n\t\t\t<style>\/*! elementor - v3.12.1 - 02-04-2023 *\/\n.elementor-widget-image{text-align:center}.elementor-widget-image a{display:inline-block}.elementor-widget-image a img[src$=\".svg\"]{width:48px}.elementor-widget-image img{vertical-align:middle;display:inline-block}<\/style>\t\t\t\t\t\t\t\t\t\t\t\t<img loading=\"lazy\" decoding=\"async\" width=\"300\" height=\"300\" src=\"https:\/\/csagroup.africa\/wp-content\/uploads\/2023\/06\/Green-Minimalist-Contact-Us-Instagram-Post-300x300.png\" class=\"attachment-medium size-medium wp-image-838\" alt=\"\" srcset=\"https:\/\/csagroup.africa\/wp-content\/uploads\/2023\/06\/Green-Minimalist-Contact-Us-Instagram-Post-300x300.png 300w, https:\/\/csagroup.africa\/wp-content\/uploads\/2023\/06\/Green-Minimalist-Contact-Us-Instagram-Post-1024x1024.png 1024w, https:\/\/csagroup.africa\/wp-content\/uploads\/2023\/06\/Green-Minimalist-Contact-Us-Instagram-Post-150x150.png 150w, https:\/\/csagroup.africa\/wp-content\/uploads\/2023\/06\/Green-Minimalist-Contact-Us-Instagram-Post-768x768.png 768w, https:\/\/csagroup.africa\/wp-content\/uploads\/2023\/06\/Green-Minimalist-Contact-Us-Instagram-Post-270x270.png 270w, https:\/\/csagroup.africa\/wp-content\/uploads\/2023\/06\/Green-Minimalist-Contact-Us-Instagram-Post-230x230.png 230w, https:\/\/csagroup.africa\/wp-content\/uploads\/2023\/06\/Green-Minimalist-Contact-Us-Instagram-Post-45x45.png 45w, https:\/\/csagroup.africa\/wp-content\/uploads\/2023\/06\/Green-Minimalist-Contact-Us-Instagram-Post-600x600.png 600w, https:\/\/csagroup.africa\/wp-content\/uploads\/2023\/06\/Green-Minimalist-Contact-Us-Instagram-Post-100x100.png 100w, https:\/\/csagroup.africa\/wp-content\/uploads\/2023\/06\/Green-Minimalist-Contact-Us-Instagram-Post.png 1080w\" sizes=\"auto, (max-width: 300px) 100vw, 300px\" \/>\t\t\t\t\t\t\t\t\t\t\t\t\t\t\t<\/div>\n\t\t\t\t<\/div>\n\t\t\t\t\t<\/div>\n\t\t<\/div>\n\t\t\t\t\t\t\t<\/div>\n\t\t<\/section>\n\t\t\t\t\t\t\t<\/div>\n\t\t","protected":false},"excerpt":{"rendered":"<p>Nous proposons un service de transport de produits vivriers rapide et fiable. Que vous ayez besoin de livrer des fruits et l\u00e9gumes frais, des produits laitiers, de la viande, des c\u00e9r\u00e9ales ou tout autre produit agricole, nous sommes l\u00e0 pour<\/p>\n","protected":false},"author":1,"featured_media":0,"parent":0,"menu_order":0,"comment_status":"closed","ping_status":"closed","template":"","meta":{"footnotes":""},"class_list":["post-823","page","type-page","status-publish","hentry"],"_links":{"self":[{"href":"https:\/\/csagroup.africa\/index.php?rest_route=\/wp\/v2\/pages\/823","targetHints":{"allow":["GET"]}}],"collection":[{"href":"https:\/\/csagroup.africa\/index.php?rest_route=\/wp\/v2\/pages"}],"about":[{"href":"https:\/\/csagroup.africa\/index.php?rest_route=\/wp\/v2\/types\/page"}],"author":[{"embeddable":true,"href":"https:\/\/csagroup.africa\/index.php?rest_route=\/wp\/v2\/users\/1"}],"replies":[{"embeddable":true,"href":"https:\/\/csagroup.africa\/index.php?rest_route=%2Fwp%2Fv2%2Fcomments&post=823"}],"version-history":[{"count":13,"href":"https:\/\/csagroup.africa\/index.php?rest_route=\/wp\/v2\/pages\/823\/revisions"}],"predecessor-version":[{"id":861,"href":"https:\/\/csagroup.africa\/index.php?rest_route=\/wp\/v2\/pages\/823\/revisions\/861"}],"wp:attachment":[{"href":"https:\/\/csagroup.africa\/index.php?rest_route=%2Fwp%2Fv2%2Fmedia&parent=823"}],"curies":[{"name":"wp","href":"https:\/\/api.w.org\/{rel}","templated":true}]}}