{"id":821,"date":"2023-06-25T05:44:56","date_gmt":"2023-06-25T05:44:56","guid":{"rendered":"https:\/\/csagroup.africa\/?page_id=821"},"modified":"2023-06-28T17:46:30","modified_gmt":"2023-06-28T17:46:30","slug":"csa-agro","status":"publish","type":"page","link":"https:\/\/csagroup.africa\/?page_id=821","title":{"rendered":"CSA AGRO"},"content":{"rendered":"\t\t<div data-elementor-type=\"wp-page\" data-elementor-id=\"821\" class=\"elementor elementor-821\">\n\t\t\t\t\t\t\t\t\t<section class=\"elementor-section elementor-top-section elementor-element elementor-element-e578d40 elementor-section-boxed elementor-section-height-default elementor-section-height-default\" data-id=\"e578d40\" data-element_type=\"section\">\n\t\t\t\t\t\t<div class=\"elementor-container elementor-column-gap-default\">\n\t\t\t\t\t<div class=\"elementor-column elementor-col-100 elementor-top-column elementor-element elementor-element-8905236\" data-id=\"8905236\" data-element_type=\"column\">\n\t\t\t<div class=\"elementor-widget-wrap elementor-element-populated\">\n\t\t\t\t\t\t\t\t<div class=\"elementor-element elementor-element-a037f0d elementor-widget elementor-widget-text-editor\" data-id=\"a037f0d\" data-element_type=\"widget\" data-widget_type=\"text-editor.default\">\n\t\t\t\t<div class=\"elementor-widget-container\">\n\t\t\t<style>\/*! elementor - v3.12.1 - 02-04-2023 *\/\n.elementor-widget-text-editor.elementor-drop-cap-view-stacked .elementor-drop-cap{background-color:#69727d;color:#fff}.elementor-widget-text-editor.elementor-drop-cap-view-framed .elementor-drop-cap{color:#69727d;border:3px solid;background-color:transparent}.elementor-widget-text-editor:not(.elementor-drop-cap-view-default) .elementor-drop-cap{margin-top:8px}.elementor-widget-text-editor:not(.elementor-drop-cap-view-default) .elementor-drop-cap-letter{width:1em;height:1em}.elementor-widget-text-editor .elementor-drop-cap{float:left;text-align:center;line-height:1;font-size:50px}.elementor-widget-text-editor .elementor-drop-cap-letter{display:inline-block}<\/style>\t\t\t\t<p>CSA AGRO est une branche fondatrice de CSA-GROUP, n\u00e9e de l&rsquo;aspiration profonde et sinc\u00e8res des partenaires du groupe, de contribuer de mani\u00e8re effective et forte \u00e0 la fourniture en produits agricoles de toutes les familles du terroir et au-del\u00e0. Nous avons selectionn\u00e9 les meilleurs semenes et mis en oeuvre tout le savoir faire de nos \u00e9quipes locales et internationales pour vous offrir des bananes plantain de qualit\u00e9 premi\u00e8re ainsi que du pistache de premier rang.<\/p><p>Chez nous, rien de ce que la terre nous offre ne se perd. C&rsquo;est ainsi que nos produits de d\u00e9clinent en plusieurs produits d\u00e9riv\u00e9s afin que tout le monde y trouve son compte.<\/p>\t\t\t\t\t\t<\/div>\n\t\t\t\t<\/div>\n\t\t\t\t\t<\/div>\n\t\t<\/div>\n\t\t\t\t\t\t\t<\/div>\n\t\t<\/section>\n\t\t\t\t<section class=\"elementor-section elementor-top-section elementor-element elementor-element-6707381 elementor-section-boxed elementor-section-height-default elementor-section-height-default\" data-id=\"6707381\" data-element_type=\"section\">\n\t\t\t\t\t\t<div class=\"elementor-container elementor-column-gap-default\">\n\t\t\t\t\t<div class=\"elementor-column elementor-col-100 elementor-top-column elementor-element elementor-element-8541960\" data-id=\"8541960\" data-element_type=\"column\">\n\t\t\t<div class=\"elementor-widget-wrap elementor-element-populated\">\n\t\t\t\t\t\t\t\t<div class=\"elementor-element elementor-element-f910107 elementor-widget elementor-widget-image\" data-id=\"f910107\" data-element_type=\"widget\" data-widget_type=\"image.default\">\n\t\t\t\t<div class=\"elementor-widget-container\">\n\t\t\t<style>\/*! elementor - v3.12.1 - 02-04-2023 *\/\n.elementor-widget-image{text-align:center}.elementor-widget-image a{display:inline-block}.elementor-widget-image a img[src$=\".svg\"]{width:48px}.elementor-widget-image img{vertical-align:middle;display:inline-block}<\/style>\t\t\t\t\t\t\t\t\t\t\t\t<img loading=\"lazy\" decoding=\"async\" width=\"750\" height=\"594\" src=\"https:\/\/csagroup.africa\/wp-content\/uploads\/2023\/06\/Pepiniere-768x608.jpg\" class=\"attachment-medium_large size-medium_large wp-image-896\" alt=\"\" srcset=\"https:\/\/csagroup.africa\/wp-content\/uploads\/2023\/06\/Pepiniere-768x608.jpg 768w, https:\/\/csagroup.africa\/wp-content\/uploads\/2023\/06\/Pepiniere-300x237.jpg 300w, https:\/\/csagroup.africa\/wp-content\/uploads\/2023\/06\/Pepiniere-600x475.jpg 600w, https:\/\/csagroup.africa\/wp-content\/uploads\/2023\/06\/Pepiniere.jpg 986w\" sizes=\"auto, (max-width: 750px) 100vw, 750px\" \/>\t\t\t\t\t\t\t\t\t\t\t\t\t\t\t<\/div>\n\t\t\t\t<\/div>\n\t\t\t\t\t<\/div>\n\t\t<\/div>\n\t\t\t\t\t\t\t<\/div>\n\t\t<\/section>\n\t\t\t\t\t\t\t<\/div>\n\t\t","protected":false},"excerpt":{"rendered":"<p>CSA AGRO est une branche fondatrice de CSA-GROUP, n\u00e9e de l&rsquo;aspiration profonde et sinc\u00e8res des partenaires du groupe, de contribuer de mani\u00e8re effective et forte \u00e0 la fourniture en produits agricoles de toutes les familles du terroir et au-del\u00e0. Nous<\/p>\n","protected":false},"author":1,"featured_media":0,"parent":0,"menu_order":0,"comment_status":"closed","ping_status":"closed","template":"","meta":{"footnotes":""},"class_list":["post-821","page","type-page","status-publish","hentry"],"_links":{"self":[{"href":"https:\/\/csagroup.africa\/index.php?rest_route=\/wp\/v2\/pages\/821","targetHints":{"allow":["GET"]}}],"collection":[{"href":"https:\/\/csagroup.africa\/index.php?rest_route=\/wp\/v2\/pages"}],"about":[{"href":"https:\/\/csagroup.africa\/index.php?rest_route=\/wp\/v2\/types\/page"}],"author":[{"embeddable":true,"href":"https:\/\/csagroup.africa\/index.php?rest_route=\/wp\/v2\/users\/1"}],"replies":[{"embeddable":true,"href":"https:\/\/csagroup.africa\/index.php?rest_route=%2Fwp%2Fv2%2Fcomments&post=821"}],"version-history":[{"count":16,"href":"https:\/\/csagroup.africa\/index.php?rest_route=\/wp\/v2\/pages\/821\/revisions"}],"predecessor-version":[{"id":899,"href":"https:\/\/csagroup.africa\/index.php?rest_route=\/wp\/v2\/pages\/821\/revisions\/899"}],"wp:attachment":[{"href":"https:\/\/csagroup.africa\/index.php?rest_route=%2Fwp%2Fv2%2Fmedia&parent=821"}],"curies":[{"name":"wp","href":"https:\/\/api.w.org\/{rel}","templated":true}]}}